{"id":533,"date":"2019-11-08T17:51:36","date_gmt":"2019-11-08T17:51:36","guid":{"rendered":"https:\/\/www.kuine.org\/inicio\/?page_id=533"},"modified":"2023-08-09T20:59:51","modified_gmt":"2023-08-09T20:59:51","slug":"acerca-de-orfeolibre","status":"publish","type":"page","link":"https:\/\/www.kuine.org\/inicio\/acerca-de-orfeolibre\/","title":{"rendered":"Acerca de Kuine Linux"},"content":{"rendered":"<p>Kuine es una familia de distribuciones de GNU\/Linux que cumplen un objetivo \u00fanico cada una de ellas. Ideal para emular un <em>appliance<\/em> o para crea una m\u00e1quina virtual que cumple con un objetivo muy espec\u00edfico como un servidor de bases de datos, un CRM o un CMS. Directo desde la caja.<\/p>\n<p>R\u00e1pido, confiable y seguro.<\/p>\n<p>Kuine Linux es un producto de <a href=\"http:\/\/www.skinatech.com\/\">Skina Technologies SAS<\/a>. Esta distribuci\u00f3n ha sido desarrollada despu\u00e9s de muchos a\u00f1os entregando instalaciones de servidores Linux y buscando el mecanismo para hacerlo r\u00e1pido, seguro y estandarizado. En este proceso nace Kuine: la forma de tener servidores est\u00e1ndar preconfigurados, listos para entregar a nuestros clientes.<\/p>\n<p>Kuine Linux es un grupo dentro de\u00a0 <a href=\"http:\/\/www.skinatech.com\/\">SkinaTech<\/a>. comprometido en mantener la distribuci\u00f3n, proveer soporte a la comunidad y crear nuevos sabores con el tiempo.<\/p>\n","protected":false},"excerpt":{"rendered":"<p>Kuine es una familia de distribuciones de GNU\/Linux que cumplen un objetivo \u00fanico cada una de ellas. Ideal para emular un appliance o para crea una m\u00e1quina virtual que cumple con un objetivo muy espec\u00edfico [&hellip;]<\/p>\n","protected":false},"author":4,"featured_media":0,"parent":0,"menu_order":0,"comment_status":"closed","ping_status":"closed","template":"","meta":{"footnotes":""},"class_list":["post-533","page","type-page","status-publish","hentry"],"yoast_head":"<!-- This site is optimized with the Yoast SEO plugin v27.3 - https:\/\/yoast.com\/product\/yoast-seo-wordpress\/ -->\n<title>Acerca de Kuine Linux - Kuine Linux Conoce todo acerca de Orfeolibre<\/title>\n<meta name=\"description\" content=\"OrfeoLibre es un portal para el soporte y acompa\u00f1amiento de la comunidad de usuarios del Software de Gesti\u00f3n Documental (SGD) Orfeo\" \/>\n<meta name=\"robots\" content=\"index, follow, max-snippet:-1, max-image-preview:large, max-video-preview:-1\" \/>\n<link rel=\"canonical\" href=\"https:\/\/www.kuine.org\/inicio\/acerca-de-orfeolibre\/\" \/>\n<meta property=\"og:locale\" content=\"es_ES\" \/>\n<meta property=\"og:type\" content=\"article\" \/>\n<meta property=\"og:title\" content=\"Acerca de Kuine Linux - Kuine Linux Conoce todo acerca de Orfeolibre\" \/>\n<meta property=\"og:description\" content=\"OrfeoLibre es un portal para el soporte y acompa\u00f1amiento de la comunidad de usuarios del Software de Gesti\u00f3n Documental (SGD) Orfeo\" \/>\n<meta property=\"og:url\" content=\"https:\/\/www.kuine.org\/inicio\/acerca-de-orfeolibre\/\" \/>\n<meta property=\"og:site_name\" content=\"Kuine Linux\" \/>\n<meta property=\"article:modified_time\" content=\"2023-08-09T20:59:51+00:00\" \/>\n<meta name=\"twitter:card\" content=\"summary_large_image\" \/>\n<meta name=\"twitter:label1\" content=\"Tiempo de lectura\" \/>\n\t<meta name=\"twitter:data1\" content=\"1 minuto\" \/>\n<script type=\"application\/ld+json\" class=\"yoast-schema-graph\">{\"@context\":\"https:\\\/\\\/schema.org\",\"@graph\":[{\"@type\":\"WebPage\",\"@id\":\"https:\\\/\\\/www.kuine.org\\\/inicio\\\/acerca-de-orfeolibre\\\/\",\"url\":\"https:\\\/\\\/www.kuine.org\\\/inicio\\\/acerca-de-orfeolibre\\\/\",\"name\":\"Acerca de Kuine Linux - Kuine Linux Conoce todo acerca de Orfeolibre\",\"isPartOf\":{\"@id\":\"https:\\\/\\\/www.kuine.org\\\/inicio\\\/#website\"},\"datePublished\":\"2019-11-08T17:51:36+00:00\",\"dateModified\":\"2023-08-09T20:59:51+00:00\",\"description\":\"OrfeoLibre es un portal para el soporte y acompa\u00f1amiento de la comunidad de usuarios del Software de Gesti\u00f3n Documental (SGD) Orfeo\",\"breadcrumb\":{\"@id\":\"https:\\\/\\\/www.kuine.org\\\/inicio\\\/acerca-de-orfeolibre\\\/#breadcrumb\"},\"inLanguage\":\"es\",\"potentialAction\":[{\"@type\":\"ReadAction\",\"target\":[\"https:\\\/\\\/www.kuine.org\\\/inicio\\\/acerca-de-orfeolibre\\\/\"]}]},{\"@type\":\"BreadcrumbList\",\"@id\":\"https:\\\/\\\/www.kuine.org\\\/inicio\\\/acerca-de-orfeolibre\\\/#breadcrumb\",\"itemListElement\":[{\"@type\":\"ListItem\",\"position\":1,\"name\":\"Portada\",\"item\":\"https:\\\/\\\/www.kuine.org\\\/inicio\\\/\"},{\"@type\":\"ListItem\",\"position\":2,\"name\":\"Acerca de Kuine Linux\"}]},{\"@type\":\"WebSite\",\"@id\":\"https:\\\/\\\/www.kuine.org\\\/inicio\\\/#website\",\"url\":\"https:\\\/\\\/www.kuine.org\\\/inicio\\\/\",\"name\":\"Kuine Linux\",\"description\":\"Single Purpose Distribution\",\"potentialAction\":[{\"@type\":\"SearchAction\",\"target\":{\"@type\":\"EntryPoint\",\"urlTemplate\":\"https:\\\/\\\/www.kuine.org\\\/inicio\\\/?s={search_term_string}\"},\"query-input\":{\"@type\":\"PropertyValueSpecification\",\"valueRequired\":true,\"valueName\":\"search_term_string\"}}],\"inLanguage\":\"es\"}]}<\/script>\n<!-- \/ Yoast SEO plugin. -->","yoast_head_json":{"title":"Acerca de Kuine Linux - Kuine Linux Conoce todo acerca de Orfeolibre","description":"OrfeoLibre es un portal para el soporte y acompa\u00f1amiento de la comunidad de usuarios del Software de Gesti\u00f3n Documental (SGD) Orfeo","robots":{"index":"index","follow":"follow","max-snippet":"max-snippet:-1","max-image-preview":"max-image-preview:large","max-video-preview":"max-video-preview:-1"},"canonical":"https:\/\/www.kuine.org\/inicio\/acerca-de-orfeolibre\/","og_locale":"es_ES","og_type":"article","og_title":"Acerca de Kuine Linux - Kuine Linux Conoce todo acerca de Orfeolibre","og_description":"OrfeoLibre es un portal para el soporte y acompa\u00f1amiento de la comunidad de usuarios del Software de Gesti\u00f3n Documental (SGD) Orfeo","og_url":"https:\/\/www.kuine.org\/inicio\/acerca-de-orfeolibre\/","og_site_name":"Kuine Linux","article_modified_time":"2023-08-09T20:59:51+00:00","twitter_card":"summary_large_image","twitter_misc":{"Tiempo de lectura":"1 minuto"},"schema":{"@context":"https:\/\/schema.org","@graph":[{"@type":"WebPage","@id":"https:\/\/www.kuine.org\/inicio\/acerca-de-orfeolibre\/","url":"https:\/\/www.kuine.org\/inicio\/acerca-de-orfeolibre\/","name":"Acerca de Kuine Linux - Kuine Linux Conoce todo acerca de Orfeolibre","isPartOf":{"@id":"https:\/\/www.kuine.org\/inicio\/#website"},"datePublished":"2019-11-08T17:51:36+00:00","dateModified":"2023-08-09T20:59:51+00:00","description":"OrfeoLibre es un portal para el soporte y acompa\u00f1amiento de la comunidad de usuarios del Software de Gesti\u00f3n Documental (SGD) Orfeo","breadcrumb":{"@id":"https:\/\/www.kuine.org\/inicio\/acerca-de-orfeolibre\/#breadcrumb"},"inLanguage":"es","potentialAction":[{"@type":"ReadAction","target":["https:\/\/www.kuine.org\/inicio\/acerca-de-orfeolibre\/"]}]},{"@type":"BreadcrumbList","@id":"https:\/\/www.kuine.org\/inicio\/acerca-de-orfeolibre\/#breadcrumb","itemListElement":[{"@type":"ListItem","position":1,"name":"Portada","item":"https:\/\/www.kuine.org\/inicio\/"},{"@type":"ListItem","position":2,"name":"Acerca de Kuine Linux"}]},{"@type":"WebSite","@id":"https:\/\/www.kuine.org\/inicio\/#website","url":"https:\/\/www.kuine.org\/inicio\/","name":"Kuine Linux","description":"Single Purpose Distribution","potentialAction":[{"@type":"SearchAction","target":{"@type":"EntryPoint","urlTemplate":"https:\/\/www.kuine.org\/inicio\/?s={search_term_string}"},"query-input":{"@type":"PropertyValueSpecification","valueRequired":true,"valueName":"search_term_string"}}],"inLanguage":"es"}]}},"_links":{"self":[{"href":"https:\/\/www.kuine.org\/inicio\/wp-json\/wp\/v2\/pages\/533","targetHints":{"allow":["GET"]}}],"collection":[{"href":"https:\/\/www.kuine.org\/inicio\/wp-json\/wp\/v2\/pages"}],"about":[{"href":"https:\/\/www.kuine.org\/inicio\/wp-json\/wp\/v2\/types\/page"}],"author":[{"embeddable":true,"href":"https:\/\/www.kuine.org\/inicio\/wp-json\/wp\/v2\/users\/4"}],"replies":[{"embeddable":true,"href":"https:\/\/www.kuine.org\/inicio\/wp-json\/wp\/v2\/comments?post=533"}],"version-history":[{"count":21,"href":"https:\/\/www.kuine.org\/inicio\/wp-json\/wp\/v2\/pages\/533\/revisions"}],"predecessor-version":[{"id":2694,"href":"https:\/\/www.kuine.org\/inicio\/wp-json\/wp\/v2\/pages\/533\/revisions\/2694"}],"wp:attachment":[{"href":"https:\/\/www.kuine.org\/inicio\/wp-json\/wp\/v2\/media?parent=533"}],"curies":[{"name":"wp","href":"https:\/\/api.w.org\/{rel}","templated":true}]}}